{"id":8,"date":"2016-10-18T22:48:46","date_gmt":"2016-10-18T20:48:46","guid":{"rendered":"https:\/\/lesnouveauxmythes.sisternet.fr\/?page_id=8"},"modified":"2026-03-11T12:13:12","modified_gmt":"2026-03-11T11:13:12","slug":"programme","status":"publish","type":"page","link":"https:\/\/lesnouveauxmythes.sisternet.fr\/?page_id=8","title":{"rendered":"PROGRAMME"},"content":{"rendered":"<p><span style=\"color: #cc9933;\"><strong>Les Nouveaux Mythes<br \/>\nExposition collective internationale<\/strong><br \/>\n<span style=\"color: #336699;\"><strong>Du 9 au 27 novembre 2016.<\/strong><br \/>\nOuverture au public du mercredi au dimanche de 13h \u00c3\u00a0 19h<br \/>\nAncien Mus\u00e9e de peinture, Place de Verdun, Grenoble<br \/>\nEntr\u00e9e libre<br \/>\n<\/span><\/span><strong><a href=\"https:\/\/lesnouveauxmythes.sisternet.fr\/wp-content\/uploads\/2016\/10\/Flyer-Nouveaux-Mythes.pdf\" target=\"_blank\">&gt;&gt;T\u00e9l\u00e9charger le flyer<\/a><\/strong><\/p>\n<p><span style=\"color: #336699;\"><strong>L&rsquo;exposition<\/strong><\/span><br \/>\nParmi les artistes invit\u00e9s, des sculpteurs, peintres, photographes, vid\u00e9astes, plasticiens, une musicienne, un metteur en sc\u00e8ne.<br \/>\nInstallations, peintures grand format ou photographies confidentielles, toutes les \u0153uvres expos\u00e9es sont des productions originales cr\u00e9\u00e9es sp\u00e9cialement pour illustrer le th\u00e8me des \u00ab Nouveaux Mythes \u00bb et pour cet \u00e9v\u00e8nement.<\/p>\n<p><span style=\"color: #336699;\"><strong>Vernissage<\/strong><\/span><br \/>\n<strong>Show musical in\u00e9dit de Antonio Ferlito<\/strong><br \/>\nLecture par la com\u00e9dienne Sophie Berckelaers<br \/>\n<strong>Mercredi 9 novembre \u00e0 18h30<\/strong><\/p>\n<p><span style=\"color: #336699;\"><strong>Performance th\u00e9\u00e2trale<\/strong><\/span><br \/>\n<strong>\u00ab Pour un empire \u00bb mise en sc\u00e8ne de St\u00e9phane Muh.<\/strong><br \/>\nEntr\u00e9e gratuite. R\u00e9servation conseill\u00e9e au 06 87 46 45 35.<br \/>\n<strong>Repr\u00e9sentations :<br \/>\nSamedis 12 et 19 novembre 2016 \u00e0 19h<\/strong><br \/>\n<strong>Dimanches 13 et 20 novembre 2016 \u00e0 17h<\/strong><br \/>\n<strong>Samedi 26 novembre 2016 \u00e0 18h<br \/>\n<a href=\"https:\/\/www.facebook.com\/Collectifjeudi15\" target=\"_blank\"> &gt;&gt; Voir le teaser<\/a><br \/>\n<\/strong><\/p>\n<p><span style=\"color: #336699;\"><strong>Rencontre avec les artistes<\/strong><\/span><br \/>\nLes artistes se proposent de rencontrer le public afin d&rsquo;\u00e9changer sur leurs choix, leurs d\u00e9marches et leurs convictions artistiques.<br \/>\n<strong>Dimanche 27 novembre \u00e0 partir de 17h<\/strong><\/p>\n","protected":false},"excerpt":{"rendered":"<p>Les Nouveaux Mythes Exposition collective internationale Du 9 au 27 novembre 2016. Ouverture au public du mercredi au dimanche de 13h \u00c3\u00a0 19h Ancien Mus\u00e9e de peinture, Place de Verdun, Grenoble Entr\u00e9e libre &gt;&gt;T\u00e9l\u00e9charger le flyer L&rsquo;exposition Parmi les artistes invit\u00e9s, des sculpteurs, peintres, photographes, vid\u00e9astes, plasticiens, une musicienne, un metteur en sc\u00e8ne. Installations, peintures &hellip; <a href=\"https:\/\/lesnouveauxmythes.sisternet.fr\/?page_id=8\" class=\"more-link\">Continuer la lecture de <span class=\"screen-reader-text\">PROGRAMME<\/span><\/a><\/p>\n","protected":false},"author":4,"featured_media":0,"parent":0,"menu_order":0,"comment_status":"closed","ping_status":"closed","template":"","meta":{"footnotes":""},"class_list":["post-8","page","type-page","status-publish","hentry"],"yoast_head":"<!-- This site is optimized with the Yoast SEO plugin v27.5 - https:\/\/yoast.com\/product\/yoast-seo-wordpress\/ -->\n<title>PROGRAMME - Les nouveaux mythes<\/title>\n<meta name=\"robots\" content=\"index, follow, max-snippet:-1, max-image-preview:large, max-video-preview:-1\" \/>\n<link rel=\"canonical\" href=\"https:\/\/lesnouveauxmythes.sisternet.fr\/?page_id=8\" \/>\n<meta property=\"og:locale\" content=\"fr_FR\" \/>\n<meta property=\"og:type\" content=\"article\" \/>\n<meta property=\"og:title\" content=\"PROGRAMME - Les nouveaux mythes\" \/>\n<meta property=\"og:description\" content=\"Les Nouveaux Mythes Exposition collective internationale Du 9 au 27 novembre 2016. Ouverture au public du mercredi au dimanche de 13h \u00c3\u00a0 19h Ancien Mus\u00e9e de peinture, Place de Verdun, Grenoble Entr\u00e9e libre &gt;&gt;T\u00e9l\u00e9charger le flyer L&rsquo;exposition Parmi les artistes invit\u00e9s, des sculpteurs, peintres, photographes, vid\u00e9astes, plasticiens, une musicienne, un metteur en sc\u00e8ne. Installations, peintures &hellip; Continuer la lecture de PROGRAMME\" \/>\n<meta property=\"og:url\" content=\"https:\/\/lesnouveauxmythes.sisternet.fr\/?page_id=8\" \/>\n<meta property=\"og:site_name\" content=\"Les nouveaux mythes\" \/>\n<meta property=\"article:publisher\" content=\"https:\/\/www.facebook.com\/lesnouveauxmythes\/\" \/>\n<meta property=\"article:modified_time\" content=\"2026-03-11T11:13:12+00:00\" \/>\n<meta name=\"twitter:card\" content=\"summary_large_image\" \/>\n<meta name=\"twitter:label1\" content=\"Dur\u00e9e de lecture estim\u00e9e\" \/>\n\t<meta name=\"twitter:data1\" content=\"1 minute\" \/>\n<script type=\"application\/ld+json\" class=\"yoast-schema-graph\">{\"@context\":\"https:\\\/\\\/schema.org\",\"@graph\":[{\"@type\":\"WebPage\",\"@id\":\"https:\\\/\\\/lesnouveauxmythes.sisternet.fr\\\/?page_id=8\",\"url\":\"https:\\\/\\\/lesnouveauxmythes.sisternet.fr\\\/?page_id=8\",\"name\":\"PROGRAMME - Les nouveaux mythes\",\"isPartOf\":{\"@id\":\"https:\\\/\\\/lesnouveauxmythes.sisternet.fr\\\/#website\"},\"datePublished\":\"2016-10-18T20:48:46+00:00\",\"dateModified\":\"2026-03-11T11:13:12+00:00\",\"breadcrumb\":{\"@id\":\"https:\\\/\\\/lesnouveauxmythes.sisternet.fr\\\/?page_id=8#breadcrumb\"},\"inLanguage\":\"fr-FR\",\"potentialAction\":[{\"@type\":\"ReadAction\",\"target\":[\"https:\\\/\\\/lesnouveauxmythes.sisternet.fr\\\/?page_id=8\"]}]},{\"@type\":\"BreadcrumbList\",\"@id\":\"https:\\\/\\\/lesnouveauxmythes.sisternet.fr\\\/?page_id=8#breadcrumb\",\"itemListElement\":[{\"@type\":\"ListItem\",\"position\":1,\"name\":\"Accueil\",\"item\":\"https:\\\/\\\/lesnouveauxmythes.sisternet.fr\\\/\"},{\"@type\":\"ListItem\",\"position\":2,\"name\":\"PROGRAMME\"}]},{\"@type\":\"WebSite\",\"@id\":\"https:\\\/\\\/lesnouveauxmythes.sisternet.fr\\\/#website\",\"url\":\"https:\\\/\\\/lesnouveauxmythes.sisternet.fr\\\/\",\"name\":\"Les nouveaux mythes\",\"description\":\"Exposition impertinente\",\"publisher\":{\"@id\":\"https:\\\/\\\/lesnouveauxmythes.sisternet.fr\\\/#organization\"},\"potentialAction\":[{\"@type\":\"SearchAction\",\"target\":{\"@type\":\"EntryPoint\",\"urlTemplate\":\"https:\\\/\\\/lesnouveauxmythes.sisternet.fr\\\/?s={search_term_string}\"},\"query-input\":{\"@type\":\"PropertyValueSpecification\",\"valueRequired\":true,\"valueName\":\"search_term_string\"}}],\"inLanguage\":\"fr-FR\"},{\"@type\":\"Organization\",\"@id\":\"https:\\\/\\\/lesnouveauxmythes.sisternet.fr\\\/#organization\",\"name\":\"Les nouveaux mythes\",\"url\":\"https:\\\/\\\/lesnouveauxmythes.sisternet.fr\\\/\",\"logo\":{\"@type\":\"ImageObject\",\"inLanguage\":\"fr-FR\",\"@id\":\"https:\\\/\\\/lesnouveauxmythes.sisternet.fr\\\/#\\\/schema\\\/logo\\\/image\\\/\",\"url\":\"https:\\\/\\\/lesnouveauxmythes.sisternet.fr\\\/wp-content\\\/uploads\\\/2026\\\/03\\\/logo-lesnouveauxmythes-954x1300px-1.png\",\"contentUrl\":\"https:\\\/\\\/lesnouveauxmythes.sisternet.fr\\\/wp-content\\\/uploads\\\/2026\\\/03\\\/logo-lesnouveauxmythes-954x1300px-1.png\",\"width\":248,\"height\":248,\"caption\":\"Les nouveaux mythes\"},\"image\":{\"@id\":\"https:\\\/\\\/lesnouveauxmythes.sisternet.fr\\\/#\\\/schema\\\/logo\\\/image\\\/\"},\"sameAs\":[\"https:\\\/\\\/www.facebook.com\\\/lesnouveauxmythes\\\/\"]}]}<\/script>\n<!-- \/ Yoast SEO plugin. -->","yoast_head_json":{"title":"PROGRAMME - Les nouveaux mythes","robots":{"index":"index","follow":"follow","max-snippet":"max-snippet:-1","max-image-preview":"max-image-preview:large","max-video-preview":"max-video-preview:-1"},"canonical":"https:\/\/lesnouveauxmythes.sisternet.fr\/?page_id=8","og_locale":"fr_FR","og_type":"article","og_title":"PROGRAMME - Les nouveaux mythes","og_description":"Les Nouveaux Mythes Exposition collective internationale Du 9 au 27 novembre 2016. Ouverture au public du mercredi au dimanche de 13h \u00c3\u00a0 19h Ancien Mus\u00e9e de peinture, Place de Verdun, Grenoble Entr\u00e9e libre &gt;&gt;T\u00e9l\u00e9charger le flyer L&rsquo;exposition Parmi les artistes invit\u00e9s, des sculpteurs, peintres, photographes, vid\u00e9astes, plasticiens, une musicienne, un metteur en sc\u00e8ne. Installations, peintures &hellip; Continuer la lecture de PROGRAMME","og_url":"https:\/\/lesnouveauxmythes.sisternet.fr\/?page_id=8","og_site_name":"Les nouveaux mythes","article_publisher":"https:\/\/www.facebook.com\/lesnouveauxmythes\/","article_modified_time":"2026-03-11T11:13:12+00:00","twitter_card":"summary_large_image","twitter_misc":{"Dur\u00e9e de lecture estim\u00e9e":"1 minute"},"schema":{"@context":"https:\/\/schema.org","@graph":[{"@type":"WebPage","@id":"https:\/\/lesnouveauxmythes.sisternet.fr\/?page_id=8","url":"https:\/\/lesnouveauxmythes.sisternet.fr\/?page_id=8","name":"PROGRAMME - Les nouveaux mythes","isPartOf":{"@id":"https:\/\/lesnouveauxmythes.sisternet.fr\/#website"},"datePublished":"2016-10-18T20:48:46+00:00","dateModified":"2026-03-11T11:13:12+00:00","breadcrumb":{"@id":"https:\/\/lesnouveauxmythes.sisternet.fr\/?page_id=8#breadcrumb"},"inLanguage":"fr-FR","potentialAction":[{"@type":"ReadAction","target":["https:\/\/lesnouveauxmythes.sisternet.fr\/?page_id=8"]}]},{"@type":"BreadcrumbList","@id":"https:\/\/lesnouveauxmythes.sisternet.fr\/?page_id=8#breadcrumb","itemListElement":[{"@type":"ListItem","position":1,"name":"Accueil","item":"https:\/\/lesnouveauxmythes.sisternet.fr\/"},{"@type":"ListItem","position":2,"name":"PROGRAMME"}]},{"@type":"WebSite","@id":"https:\/\/lesnouveauxmythes.sisternet.fr\/#website","url":"https:\/\/lesnouveauxmythes.sisternet.fr\/","name":"Les nouveaux mythes","description":"Exposition impertinente","publisher":{"@id":"https:\/\/lesnouveauxmythes.sisternet.fr\/#organization"},"potentialAction":[{"@type":"SearchAction","target":{"@type":"EntryPoint","urlTemplate":"https:\/\/lesnouveauxmythes.sisternet.fr\/?s={search_term_string}"},"query-input":{"@type":"PropertyValueSpecification","valueRequired":true,"valueName":"search_term_string"}}],"inLanguage":"fr-FR"},{"@type":"Organization","@id":"https:\/\/lesnouveauxmythes.sisternet.fr\/#organization","name":"Les nouveaux mythes","url":"https:\/\/lesnouveauxmythes.sisternet.fr\/","logo":{"@type":"ImageObject","inLanguage":"fr-FR","@id":"https:\/\/lesnouveauxmythes.sisternet.fr\/#\/schema\/logo\/image\/","url":"https:\/\/lesnouveauxmythes.sisternet.fr\/wp-content\/uploads\/2026\/03\/logo-lesnouveauxmythes-954x1300px-1.png","contentUrl":"https:\/\/lesnouveauxmythes.sisternet.fr\/wp-content\/uploads\/2026\/03\/logo-lesnouveauxmythes-954x1300px-1.png","width":248,"height":248,"caption":"Les nouveaux mythes"},"image":{"@id":"https:\/\/lesnouveauxmythes.sisternet.fr\/#\/schema\/logo\/image\/"},"sameAs":["https:\/\/www.facebook.com\/lesnouveauxmythes\/"]}]}},"_links":{"self":[{"href":"https:\/\/lesnouveauxmythes.sisternet.fr\/index.php?rest_route=\/wp\/v2\/pages\/8","targetHints":{"allow":["GET"]}}],"collection":[{"href":"https:\/\/lesnouveauxmythes.sisternet.fr\/index.php?rest_route=\/wp\/v2\/pages"}],"about":[{"href":"https:\/\/lesnouveauxmythes.sisternet.fr\/index.php?rest_route=\/wp\/v2\/types\/page"}],"author":[{"embeddable":true,"href":"https:\/\/lesnouveauxmythes.sisternet.fr\/index.php?rest_route=\/wp\/v2\/users\/4"}],"replies":[{"embeddable":true,"href":"https:\/\/lesnouveauxmythes.sisternet.fr\/index.php?rest_route=%2Fwp%2Fv2%2Fcomments&post=8"}],"version-history":[{"count":26,"href":"https:\/\/lesnouveauxmythes.sisternet.fr\/index.php?rest_route=\/wp\/v2\/pages\/8\/revisions"}],"predecessor-version":[{"id":499,"href":"https:\/\/lesnouveauxmythes.sisternet.fr\/index.php?rest_route=\/wp\/v2\/pages\/8\/revisions\/499"}],"wp:attachment":[{"href":"https:\/\/lesnouveauxmythes.sisternet.fr\/index.php?rest_route=%2Fwp%2Fv2%2Fmedia&parent=8"}],"curies":[{"name":"wp","href":"https:\/\/api.w.org\/{rel}","templated":true}]}}