{"id":34,"date":"2026-03-11T12:11:05","date_gmt":"2026-03-11T11:11:05","guid":{"rendered":"https:\/\/lesnouveauxmythes.sisternet.fr\/?page_id=34"},"modified":"2026-03-11T12:11:06","modified_gmt":"2026-03-11T11:11:06","slug":"accueil","status":"publish","type":"page","link":"https:\/\/lesnouveauxmythes.sisternet.fr\/","title":{"rendered":""},"content":{"rendered":"<p style=\"text-align: left;\"><span style=\"color: #cc9933;\"><strong>Les Nouveaux Mythes<br \/>\nExposition collective internationale<\/strong><\/span><\/p>\n<p>L&rsquo;exposition \u00ab\u00a0Les Nouveaux Mythes\u00a0\u00bb nait avec l&rsquo;intention de proposer un exercice de r\u00e9interpr\u00e9tation de certains des mythes contemporains les plus communs, et parmi eux de nombreux mythes consid\u00e9r\u00e9s comme \u00ab\u00a0intouchables\u00a0\u00bb.<br \/>\nA travers le travail de chaque artiste, certaines id\u00e9es mythiques occidentales seront d\u00e9contextualis\u00e9es pour en mesurer la complexit\u00e9, l&rsquo;influence et peut-\u00eatre en produire des variations.<\/p>\n<p style=\"text-align: left;\"><span style=\"color: #cc9933;\"><strong>Les artistes<\/strong><\/p>\n<p><strong>Rossella GENOVESE<\/strong> peintre, commissaire d&rsquo;exposition &#8211; <strong>Vince BANK<\/strong> peintre &#8211; <strong>1011-10<\/strong> plasticienne &#8211; <strong>1011-11<\/strong> vid\u00e9aste photographe plasticien &#8211; <strong>Martine ARNAUD-GODDET<\/strong> vid\u00e9aste plasticienne &#8211; <strong>Antonio FERLITO<\/strong> musicien &#8211; <strong>St\u00e9phane M\u00dcH<\/strong> auteur metteur en sc\u00e8ne &#8211; <strong>Maurice BERGER<\/strong> sculpteur plasticien &#8211; <strong>Joseph CAPRIO<\/strong> photographe &#8211; <strong>Vincent COSTARELLA<\/strong> photographe &#8211; <strong>Christine BOUVIER-M\u00dcH<\/strong> auteur philosophe &#8211; <strong>Giorgia VALENTI<\/strong> vid\u00e9aste &#8211; <strong>Claire NICOLAS-FIORASO<\/strong> photographe vid\u00e9aste &#8211; <strong>L\u00e9onard M\u00dcH<\/strong> vid\u00e9aste.<\/p>\n<p><span style=\"color: #cc9933;\"><span style=\"color: #336699;\"><strong><span style=\"color: #000000;\"> Du 9 au 27 novembre 2016<\/span><br \/>\n<span style=\"color: #000000;\">Ancien mus\u00e9e de peinture-biblioth\u00e8que<\/span><br \/>\n<span style=\"color: #000000;\">Place de Verdun, Grenoble<\/span><br \/>\n<\/strong><\/span><\/span>Ouverture au public du mercredi au dimanche de 13h \u00e0 19h<br \/>\nVernissage : Mercredi 9 novembre 2016 \u00e0 18h30<\/p>\n<p>&nbsp;<\/p>\n","protected":false},"excerpt":{"rendered":"<p>Les Nouveaux Mythes Exposition collective internationale L&rsquo;exposition \u00ab\u00a0Les Nouveaux Mythes\u00a0\u00bb nait avec l&rsquo;intention de proposer un exercice de r\u00e9interpr\u00e9tation de certains des mythes contemporains les plus communs, et parmi eux de nombreux mythes consid\u00e9r\u00e9s comme \u00ab\u00a0intouchables\u00a0\u00bb. A travers le travail de chaque artiste, certaines id\u00e9es mythiques occidentales seront d\u00e9contextualis\u00e9es pour en mesurer la complexit\u00e9, l&rsquo;influence &hellip; <a href=\"https:\/\/lesnouveauxmythes.sisternet.fr\/\" class=\"more-link\">Continuer la lecture de <span class=\"screen-reader-text\"><\/span><\/a><\/p>\n","protected":false},"author":4,"featured_media":0,"parent":0,"menu_order":0,"comment_status":"closed","ping_status":"closed","template":"","meta":{"footnotes":""},"class_list":["post-34","page","type-page","status-publish","hentry"],"yoast_head":"<!-- This site is optimized with the Yoast SEO plugin v27.5 - https:\/\/yoast.com\/product\/yoast-seo-wordpress\/ -->\n<title>Exposition &quot;Les nouveaux mythes&quot; - Du 9 au 27 novembre 2016 - Grenoble<\/title>\n<meta name=\"description\" content=\"Exposition - Rossella Genovese et 12 artistes fran\u00e7ais et italiens invitent le public \u00e0 r\u00e9fl\u00e9chir sur certains paradoxes de notre soci\u00e9t\u00e9 actuelle.\" \/>\n<meta name=\"robots\" content=\"index, follow, max-snippet:-1, max-image-preview:large, max-video-preview:-1\" \/>\n<link rel=\"canonical\" href=\"http:\/\/www.lesnouveauxmythes.com\" \/>\n<meta property=\"og:locale\" content=\"fr_FR\" \/>\n<meta property=\"og:type\" content=\"article\" \/>\n<meta property=\"og:title\" content=\"https:\/\/www.facebook.com\/lesnouveauxmythes\/\" \/>\n<meta property=\"og:description\" content=\"Exposition - Rossella Genovese et 12 artistes fran\u00e7ais et italiens invitent le public \u00e0 r\u00e9fl\u00e9chir sur certains paradoxes de notre soci\u00e9t\u00e9 actuelle.\" \/>\n<meta property=\"og:url\" content=\"http:\/\/www.lesnouveauxmythes.com\" \/>\n<meta property=\"og:site_name\" content=\"Les nouveaux mythes\" \/>\n<meta property=\"article:publisher\" content=\"https:\/\/www.facebook.com\/lesnouveauxmythes\/\" \/>\n<meta property=\"article:modified_time\" content=\"2026-03-11T11:11:06+00:00\" \/>\n<meta name=\"twitter:card\" content=\"summary_large_image\" \/>\n<meta name=\"twitter:label1\" content=\"Dur\u00e9e de lecture estim\u00e9e\" \/>\n\t<meta name=\"twitter:data1\" content=\"1 minute\" \/>\n<script type=\"application\/ld+json\" class=\"yoast-schema-graph\">{\"@context\":\"https:\\\/\\\/schema.org\",\"@graph\":[{\"@type\":\"WebPage\",\"@id\":\"https:\\\/\\\/lesnouveauxmythes.sisternet.fr\\\/\",\"url\":\"http:\\\/\\\/www.lesnouveauxmythes.com\",\"name\":\"Exposition \\\"Les nouveaux mythes\\\" - Du 9 au 27 novembre 2016 - Grenoble\",\"isPartOf\":{\"@id\":\"https:\\\/\\\/lesnouveauxmythes.sisternet.fr\\\/#website\"},\"datePublished\":\"2026-03-11T11:11:05+00:00\",\"dateModified\":\"2026-03-11T11:11:06+00:00\",\"description\":\"Exposition - Rossella Genovese et 12 artistes fran\u00e7ais et italiens invitent le public \u00e0 r\u00e9fl\u00e9chir sur certains paradoxes de notre soci\u00e9t\u00e9 actuelle.\",\"inLanguage\":\"fr-FR\",\"potentialAction\":[{\"@type\":\"ReadAction\",\"target\":[\"http:\\\/\\\/www.lesnouveauxmythes.com\"]}]},{\"@type\":\"WebSite\",\"@id\":\"https:\\\/\\\/lesnouveauxmythes.sisternet.fr\\\/#website\",\"url\":\"https:\\\/\\\/lesnouveauxmythes.sisternet.fr\\\/\",\"name\":\"Les nouveaux mythes\",\"description\":\"Exposition impertinente\",\"publisher\":{\"@id\":\"https:\\\/\\\/lesnouveauxmythes.sisternet.fr\\\/#organization\"},\"potentialAction\":[{\"@type\":\"SearchAction\",\"target\":{\"@type\":\"EntryPoint\",\"urlTemplate\":\"https:\\\/\\\/lesnouveauxmythes.sisternet.fr\\\/?s={search_term_string}\"},\"query-input\":{\"@type\":\"PropertyValueSpecification\",\"valueRequired\":true,\"valueName\":\"search_term_string\"}}],\"inLanguage\":\"fr-FR\"},{\"@type\":\"Organization\",\"@id\":\"https:\\\/\\\/lesnouveauxmythes.sisternet.fr\\\/#organization\",\"name\":\"Les nouveaux mythes\",\"url\":\"https:\\\/\\\/lesnouveauxmythes.sisternet.fr\\\/\",\"logo\":{\"@type\":\"ImageObject\",\"inLanguage\":\"fr-FR\",\"@id\":\"https:\\\/\\\/lesnouveauxmythes.sisternet.fr\\\/#\\\/schema\\\/logo\\\/image\\\/\",\"url\":\"https:\\\/\\\/lesnouveauxmythes.sisternet.fr\\\/wp-content\\\/uploads\\\/2026\\\/03\\\/logo-lesnouveauxmythes-954x1300px-1.png\",\"contentUrl\":\"https:\\\/\\\/lesnouveauxmythes.sisternet.fr\\\/wp-content\\\/uploads\\\/2026\\\/03\\\/logo-lesnouveauxmythes-954x1300px-1.png\",\"width\":248,\"height\":248,\"caption\":\"Les nouveaux mythes\"},\"image\":{\"@id\":\"https:\\\/\\\/lesnouveauxmythes.sisternet.fr\\\/#\\\/schema\\\/logo\\\/image\\\/\"},\"sameAs\":[\"https:\\\/\\\/www.facebook.com\\\/lesnouveauxmythes\\\/\"]}]}<\/script>\n<!-- \/ Yoast SEO plugin. -->","yoast_head_json":{"title":"Exposition \"Les nouveaux mythes\" - Du 9 au 27 novembre 2016 - Grenoble","description":"Exposition - Rossella Genovese et 12 artistes fran\u00e7ais et italiens invitent le public \u00e0 r\u00e9fl\u00e9chir sur certains paradoxes de notre soci\u00e9t\u00e9 actuelle.","robots":{"index":"index","follow":"follow","max-snippet":"max-snippet:-1","max-image-preview":"max-image-preview:large","max-video-preview":"max-video-preview:-1"},"canonical":"http:\/\/www.lesnouveauxmythes.com","og_locale":"fr_FR","og_type":"article","og_title":"https:\/\/www.facebook.com\/lesnouveauxmythes\/","og_description":"Exposition - Rossella Genovese et 12 artistes fran\u00e7ais et italiens invitent le public \u00e0 r\u00e9fl\u00e9chir sur certains paradoxes de notre soci\u00e9t\u00e9 actuelle.","og_url":"http:\/\/www.lesnouveauxmythes.com","og_site_name":"Les nouveaux mythes","article_publisher":"https:\/\/www.facebook.com\/lesnouveauxmythes\/","article_modified_time":"2026-03-11T11:11:06+00:00","twitter_card":"summary_large_image","twitter_misc":{"Dur\u00e9e de lecture estim\u00e9e":"1 minute"},"schema":{"@context":"https:\/\/schema.org","@graph":[{"@type":"WebPage","@id":"https:\/\/lesnouveauxmythes.sisternet.fr\/","url":"http:\/\/www.lesnouveauxmythes.com","name":"Exposition \"Les nouveaux mythes\" - Du 9 au 27 novembre 2016 - Grenoble","isPartOf":{"@id":"https:\/\/lesnouveauxmythes.sisternet.fr\/#website"},"datePublished":"2026-03-11T11:11:05+00:00","dateModified":"2026-03-11T11:11:06+00:00","description":"Exposition - Rossella Genovese et 12 artistes fran\u00e7ais et italiens invitent le public \u00e0 r\u00e9fl\u00e9chir sur certains paradoxes de notre soci\u00e9t\u00e9 actuelle.","inLanguage":"fr-FR","potentialAction":[{"@type":"ReadAction","target":["http:\/\/www.lesnouveauxmythes.com"]}]},{"@type":"WebSite","@id":"https:\/\/lesnouveauxmythes.sisternet.fr\/#website","url":"https:\/\/lesnouveauxmythes.sisternet.fr\/","name":"Les nouveaux mythes","description":"Exposition impertinente","publisher":{"@id":"https:\/\/lesnouveauxmythes.sisternet.fr\/#organization"},"potentialAction":[{"@type":"SearchAction","target":{"@type":"EntryPoint","urlTemplate":"https:\/\/lesnouveauxmythes.sisternet.fr\/?s={search_term_string}"},"query-input":{"@type":"PropertyValueSpecification","valueRequired":true,"valueName":"search_term_string"}}],"inLanguage":"fr-FR"},{"@type":"Organization","@id":"https:\/\/lesnouveauxmythes.sisternet.fr\/#organization","name":"Les nouveaux mythes","url":"https:\/\/lesnouveauxmythes.sisternet.fr\/","logo":{"@type":"ImageObject","inLanguage":"fr-FR","@id":"https:\/\/lesnouveauxmythes.sisternet.fr\/#\/schema\/logo\/image\/","url":"https:\/\/lesnouveauxmythes.sisternet.fr\/wp-content\/uploads\/2026\/03\/logo-lesnouveauxmythes-954x1300px-1.png","contentUrl":"https:\/\/lesnouveauxmythes.sisternet.fr\/wp-content\/uploads\/2026\/03\/logo-lesnouveauxmythes-954x1300px-1.png","width":248,"height":248,"caption":"Les nouveaux mythes"},"image":{"@id":"https:\/\/lesnouveauxmythes.sisternet.fr\/#\/schema\/logo\/image\/"},"sameAs":["https:\/\/www.facebook.com\/lesnouveauxmythes\/"]}]}},"_links":{"self":[{"href":"https:\/\/lesnouveauxmythes.sisternet.fr\/index.php?rest_route=\/wp\/v2\/pages\/34","targetHints":{"allow":["GET"]}}],"collection":[{"href":"https:\/\/lesnouveauxmythes.sisternet.fr\/index.php?rest_route=\/wp\/v2\/pages"}],"about":[{"href":"https:\/\/lesnouveauxmythes.sisternet.fr\/index.php?rest_route=\/wp\/v2\/types\/page"}],"author":[{"embeddable":true,"href":"https:\/\/lesnouveauxmythes.sisternet.fr\/index.php?rest_route=\/wp\/v2\/users\/4"}],"replies":[{"embeddable":true,"href":"https:\/\/lesnouveauxmythes.sisternet.fr\/index.php?rest_route=%2Fwp%2Fv2%2Fcomments&post=34"}],"version-history":[{"count":65,"href":"https:\/\/lesnouveauxmythes.sisternet.fr\/index.php?rest_route=\/wp\/v2\/pages\/34\/revisions"}],"predecessor-version":[{"id":498,"href":"https:\/\/lesnouveauxmythes.sisternet.fr\/index.php?rest_route=\/wp\/v2\/pages\/34\/revisions\/498"}],"wp:attachment":[{"href":"https:\/\/lesnouveauxmythes.sisternet.fr\/index.php?rest_route=%2Fwp%2Fv2%2Fmedia&parent=34"}],"curies":[{"name":"wp","href":"https:\/\/api.w.org\/{rel}","templated":true}]}}