{"id":12,"date":"2016-10-18T22:47:44","date_gmt":"2016-10-18T20:47:44","guid":{"rendered":"https:\/\/lesnouveauxmythes.sisternet.fr\/?page_id=12"},"modified":"2026-03-11T12:13:32","modified_gmt":"2026-03-11T11:13:32","slug":"presse","status":"publish","type":"page","link":"https:\/\/lesnouveauxmythes.sisternet.fr\/?page_id=12","title":{"rendered":"PRESSE"},"content":{"rendered":"<p>Dossier de Presse &#8211; Les Nouveau Mythes<a href=\"https:\/\/lesnouveauxmythes.sisternet.fr\/wp-content\/uploads\/2016\/10\/DP-Les-Nouveaux-Mythes.pdf\" target=\"_blank\" rel=\"noopener\"><br \/>\nT\u00e9l\u00e9charger le dossier de presse<\/a><\/p>\n<hr \/>\n<p><a href=\"http:\/\/france3-regions.francetvinfo.fr\/alpes\/isere\/grenoble\/ces-mythes-qui-nous-gouvernent-1129129.html\" target=\"_blank\" rel=\"noopener\"><strong>Ces mythes qui nous gouvernent<\/strong><\/a><br \/>\n<strong>France 3 Alpes<\/strong> &#8211; Samedi 12 novembre 2016<br \/>\nReportage de Jean-Christophe Pain, Lo\u00efc Suchet et Fr\u00e9d\u00e9ric Cathelain<br \/>\n<strong><a href=\"http:\/\/france3-regions.francetvinfo.fr\/alpes\/emissions\/jt-1920-alpes\">Visionner le 19\/20<\/a> <\/strong>(A partir de 21min00), ou directement ci dessous<br \/>\n<a href=\"http:\/\/france3-regions.francetvinfo.fr\/alpes\/isere\/grenoble\/ces-mythes-qui-nous-gouvernent-1129129.html\" target=\"_blank\" rel=\"noopener\"><img loading=\"lazy\" decoding=\"async\" class=\"aligncenter size-full wp-image-286\" src=\"https:\/\/lesnouveauxmythes.sisternet.fr\/wp-content\/uploads\/2016\/11\/ces_mythes_qui_nous_gouvernent.jpg\" alt=\"ces_mythes_qui_nous_gouvernent\" width=\"640\" height=\"360\" srcset=\"https:\/\/lesnouveauxmythes.sisternet.fr\/wp-content\/uploads\/2016\/11\/ces_mythes_qui_nous_gouvernent.jpg 640w, https:\/\/lesnouveauxmythes.sisternet.fr\/wp-content\/uploads\/2016\/11\/ces_mythes_qui_nous_gouvernent-300x169.jpg 300w, https:\/\/lesnouveauxmythes.sisternet.fr\/wp-content\/uploads\/2016\/11\/ces_mythes_qui_nous_gouvernent-500x281.jpg 500w\" sizes=\"auto, (max-width: 640px) 100vw, 640px\" \/><\/a><\/p>\n<hr \/>\n<p><strong><a href=\"https:\/\/lesnouveauxmythes.sisternet.fr\/wp-content\/uploads\/2016\/11\/Page-13-edition-de-grenoble-centre-20161111_les_nouveaux_mythes.jpg\" target=\"_blank\" rel=\"noopener\">Quand la libert\u00e9 de penser devient un facteur de coh\u00e9sions<\/a><\/strong><br \/>\n<strong>Le Dauphin\u00e9 Lib\u00e9r\u00e9<\/strong>\u00a0&#8211; Vendredi 11 novembre 2016<a href=\"https:\/\/lesnouveauxmythes.sisternet.fr\/wp-content\/uploads\/2016\/11\/Page-13-edition-de-grenoble-centre-20161111_les_nouveaux_mythes.jpg\"><img loading=\"lazy\" decoding=\"async\" class=\"aligncenter size-full wp-image-287\" src=\"https:\/\/lesnouveauxmythes.sisternet.fr\/wp-content\/uploads\/2016\/11\/Page-13-edition-de-grenoble-centre-20161111_les_nouveaux_mythes.jpg\" alt=\"px\" width=\"883\" height=\"544\" srcset=\"https:\/\/lesnouveauxmythes.sisternet.fr\/wp-content\/uploads\/2016\/11\/Page-13-edition-de-grenoble-centre-20161111_les_nouveaux_mythes.jpg 883w, https:\/\/lesnouveauxmythes.sisternet.fr\/wp-content\/uploads\/2016\/11\/Page-13-edition-de-grenoble-centre-20161111_les_nouveaux_mythes-300x185.jpg 300w, https:\/\/lesnouveauxmythes.sisternet.fr\/wp-content\/uploads\/2016\/11\/Page-13-edition-de-grenoble-centre-20161111_les_nouveaux_mythes-768x473.jpg 768w, https:\/\/lesnouveauxmythes.sisternet.fr\/wp-content\/uploads\/2016\/11\/Page-13-edition-de-grenoble-centre-20161111_les_nouveaux_mythes-487x300.jpg 487w\" sizes=\"auto, (max-width: 883px) 100vw, 883px\" \/><\/a><\/p>\n","protected":false},"excerpt":{"rendered":"<p>Dossier de Presse &#8211; Les Nouveau Mythes T\u00e9l\u00e9charger le dossier de presse Ces mythes qui nous gouvernent France 3 Alpes &#8211; Samedi 12 novembre 2016 Reportage de Jean-Christophe Pain, Lo\u00efc Suchet et Fr\u00e9d\u00e9ric Cathelain Visionner le 19\/20 (A partir de 21min00), ou directement ci dessous Quand la libert\u00e9 de penser devient un facteur de coh\u00e9sions &hellip; <a href=\"https:\/\/lesnouveauxmythes.sisternet.fr\/?page_id=12\" class=\"more-link\">Continuer la lecture de <span class=\"screen-reader-text\">PRESSE<\/span><\/a><\/p>\n","protected":false},"author":4,"featured_media":0,"parent":0,"menu_order":0,"comment_status":"closed","ping_status":"closed","template":"","meta":{"footnotes":""},"class_list":["post-12","page","type-page","status-publish","hentry"],"yoast_head":"<!-- This site is optimized with the Yoast SEO plugin v27.5 - https:\/\/yoast.com\/product\/yoast-seo-wordpress\/ -->\n<title>PRESSE - Les nouveaux mythes<\/title>\n<meta name=\"robots\" content=\"index, follow, max-snippet:-1, max-image-preview:large, max-video-preview:-1\" \/>\n<link rel=\"canonical\" href=\"https:\/\/lesnouveauxmythes.sisternet.fr\/?page_id=12\" \/>\n<meta property=\"og:locale\" content=\"fr_FR\" \/>\n<meta property=\"og:type\" content=\"article\" \/>\n<meta property=\"og:title\" content=\"PRESSE - Les nouveaux mythes\" \/>\n<meta property=\"og:description\" content=\"Dossier de Presse &#8211; Les Nouveau Mythes T\u00e9l\u00e9charger le dossier de presse Ces mythes qui nous gouvernent France 3 Alpes &#8211; Samedi 12 novembre 2016 Reportage de Jean-Christophe Pain, Lo\u00efc Suchet et Fr\u00e9d\u00e9ric Cathelain Visionner le 19\/20 (A partir de 21min00), ou directement ci dessous Quand la libert\u00e9 de penser devient un facteur de coh\u00e9sions &hellip; Continuer la lecture de PRESSE\" \/>\n<meta property=\"og:url\" content=\"https:\/\/lesnouveauxmythes.sisternet.fr\/?page_id=12\" \/>\n<meta property=\"og:site_name\" content=\"Les nouveaux mythes\" \/>\n<meta property=\"article:publisher\" content=\"https:\/\/www.facebook.com\/lesnouveauxmythes\/\" \/>\n<meta property=\"article:modified_time\" content=\"2026-03-11T11:13:32+00:00\" \/>\n<meta property=\"og:image\" content=\"https:\/\/lesnouveauxmythes.sisternet.fr\/wp-content\/uploads\/2016\/11\/ces_mythes_qui_nous_gouvernent.jpg\" \/>\n\t<meta property=\"og:image:width\" content=\"640\" \/>\n\t<meta property=\"og:image:height\" content=\"360\" \/>\n\t<meta property=\"og:image:type\" content=\"image\/jpeg\" \/>\n<meta name=\"twitter:card\" content=\"summary_large_image\" \/>\n<script type=\"application\/ld+json\" class=\"yoast-schema-graph\">{\"@context\":\"https:\\\/\\\/schema.org\",\"@graph\":[{\"@type\":\"WebPage\",\"@id\":\"https:\\\/\\\/lesnouveauxmythes.sisternet.fr\\\/?page_id=12\",\"url\":\"https:\\\/\\\/lesnouveauxmythes.sisternet.fr\\\/?page_id=12\",\"name\":\"PRESSE - Les nouveaux mythes\",\"isPartOf\":{\"@id\":\"https:\\\/\\\/lesnouveauxmythes.sisternet.fr\\\/#website\"},\"primaryImageOfPage\":{\"@id\":\"https:\\\/\\\/lesnouveauxmythes.sisternet.fr\\\/?page_id=12#primaryimage\"},\"image\":{\"@id\":\"https:\\\/\\\/lesnouveauxmythes.sisternet.fr\\\/?page_id=12#primaryimage\"},\"thumbnailUrl\":\"https:\\\/\\\/lesnouveauxmythes.sisternet.fr\\\/wp-content\\\/uploads\\\/2016\\\/11\\\/ces_mythes_qui_nous_gouvernent.jpg\",\"datePublished\":\"2016-10-18T20:47:44+00:00\",\"dateModified\":\"2026-03-11T11:13:32+00:00\",\"breadcrumb\":{\"@id\":\"https:\\\/\\\/lesnouveauxmythes.sisternet.fr\\\/?page_id=12#breadcrumb\"},\"inLanguage\":\"fr-FR\",\"potentialAction\":[{\"@type\":\"ReadAction\",\"target\":[\"https:\\\/\\\/lesnouveauxmythes.sisternet.fr\\\/?page_id=12\"]}]},{\"@type\":\"ImageObject\",\"inLanguage\":\"fr-FR\",\"@id\":\"https:\\\/\\\/lesnouveauxmythes.sisternet.fr\\\/?page_id=12#primaryimage\",\"url\":\"https:\\\/\\\/lesnouveauxmythes.sisternet.fr\\\/wp-content\\\/uploads\\\/2016\\\/11\\\/ces_mythes_qui_nous_gouvernent.jpg\",\"contentUrl\":\"https:\\\/\\\/lesnouveauxmythes.sisternet.fr\\\/wp-content\\\/uploads\\\/2016\\\/11\\\/ces_mythes_qui_nous_gouvernent.jpg\",\"width\":640,\"height\":360,\"caption\":\"Ces mythes qui nous gouvernent. Installation de Christine Bouvier-M\u00fch. Expo \\\"Les nouveaux mythes\\\" 2016, ancien Mus\u00e9e de Peinture, Grenoble.\"},{\"@type\":\"BreadcrumbList\",\"@id\":\"https:\\\/\\\/lesnouveauxmythes.sisternet.fr\\\/?page_id=12#breadcrumb\",\"itemListElement\":[{\"@type\":\"ListItem\",\"position\":1,\"name\":\"Accueil\",\"item\":\"https:\\\/\\\/lesnouveauxmythes.sisternet.fr\\\/\"},{\"@type\":\"ListItem\",\"position\":2,\"name\":\"PRESSE\"}]},{\"@type\":\"WebSite\",\"@id\":\"https:\\\/\\\/lesnouveauxmythes.sisternet.fr\\\/#website\",\"url\":\"https:\\\/\\\/lesnouveauxmythes.sisternet.fr\\\/\",\"name\":\"Les nouveaux mythes\",\"description\":\"Exposition impertinente\",\"publisher\":{\"@id\":\"https:\\\/\\\/lesnouveauxmythes.sisternet.fr\\\/#organization\"},\"potentialAction\":[{\"@type\":\"SearchAction\",\"target\":{\"@type\":\"EntryPoint\",\"urlTemplate\":\"https:\\\/\\\/lesnouveauxmythes.sisternet.fr\\\/?s={search_term_string}\"},\"query-input\":{\"@type\":\"PropertyValueSpecification\",\"valueRequired\":true,\"valueName\":\"search_term_string\"}}],\"inLanguage\":\"fr-FR\"},{\"@type\":\"Organization\",\"@id\":\"https:\\\/\\\/lesnouveauxmythes.sisternet.fr\\\/#organization\",\"name\":\"Les nouveaux mythes\",\"url\":\"https:\\\/\\\/lesnouveauxmythes.sisternet.fr\\\/\",\"logo\":{\"@type\":\"ImageObject\",\"inLanguage\":\"fr-FR\",\"@id\":\"https:\\\/\\\/lesnouveauxmythes.sisternet.fr\\\/#\\\/schema\\\/logo\\\/image\\\/\",\"url\":\"https:\\\/\\\/lesnouveauxmythes.sisternet.fr\\\/wp-content\\\/uploads\\\/2026\\\/03\\\/logo-lesnouveauxmythes-954x1300px-1.png\",\"contentUrl\":\"https:\\\/\\\/lesnouveauxmythes.sisternet.fr\\\/wp-content\\\/uploads\\\/2026\\\/03\\\/logo-lesnouveauxmythes-954x1300px-1.png\",\"width\":248,\"height\":248,\"caption\":\"Les nouveaux mythes\"},\"image\":{\"@id\":\"https:\\\/\\\/lesnouveauxmythes.sisternet.fr\\\/#\\\/schema\\\/logo\\\/image\\\/\"},\"sameAs\":[\"https:\\\/\\\/www.facebook.com\\\/lesnouveauxmythes\\\/\"]}]}<\/script>\n<!-- \/ Yoast SEO plugin. -->","yoast_head_json":{"title":"PRESSE - Les nouveaux mythes","robots":{"index":"index","follow":"follow","max-snippet":"max-snippet:-1","max-image-preview":"max-image-preview:large","max-video-preview":"max-video-preview:-1"},"canonical":"https:\/\/lesnouveauxmythes.sisternet.fr\/?page_id=12","og_locale":"fr_FR","og_type":"article","og_title":"PRESSE - Les nouveaux mythes","og_description":"Dossier de Presse &#8211; Les Nouveau Mythes T\u00e9l\u00e9charger le dossier de presse Ces mythes qui nous gouvernent France 3 Alpes &#8211; Samedi 12 novembre 2016 Reportage de Jean-Christophe Pain, Lo\u00efc Suchet et Fr\u00e9d\u00e9ric Cathelain Visionner le 19\/20 (A partir de 21min00), ou directement ci dessous Quand la libert\u00e9 de penser devient un facteur de coh\u00e9sions &hellip; Continuer la lecture de PRESSE","og_url":"https:\/\/lesnouveauxmythes.sisternet.fr\/?page_id=12","og_site_name":"Les nouveaux mythes","article_publisher":"https:\/\/www.facebook.com\/lesnouveauxmythes\/","article_modified_time":"2026-03-11T11:13:32+00:00","og_image":[{"width":640,"height":360,"url":"https:\/\/lesnouveauxmythes.sisternet.fr\/wp-content\/uploads\/2016\/11\/ces_mythes_qui_nous_gouvernent.jpg","type":"image\/jpeg"}],"twitter_card":"summary_large_image","schema":{"@context":"https:\/\/schema.org","@graph":[{"@type":"WebPage","@id":"https:\/\/lesnouveauxmythes.sisternet.fr\/?page_id=12","url":"https:\/\/lesnouveauxmythes.sisternet.fr\/?page_id=12","name":"PRESSE - Les nouveaux mythes","isPartOf":{"@id":"https:\/\/lesnouveauxmythes.sisternet.fr\/#website"},"primaryImageOfPage":{"@id":"https:\/\/lesnouveauxmythes.sisternet.fr\/?page_id=12#primaryimage"},"image":{"@id":"https:\/\/lesnouveauxmythes.sisternet.fr\/?page_id=12#primaryimage"},"thumbnailUrl":"https:\/\/lesnouveauxmythes.sisternet.fr\/wp-content\/uploads\/2016\/11\/ces_mythes_qui_nous_gouvernent.jpg","datePublished":"2016-10-18T20:47:44+00:00","dateModified":"2026-03-11T11:13:32+00:00","breadcrumb":{"@id":"https:\/\/lesnouveauxmythes.sisternet.fr\/?page_id=12#breadcrumb"},"inLanguage":"fr-FR","potentialAction":[{"@type":"ReadAction","target":["https:\/\/lesnouveauxmythes.sisternet.fr\/?page_id=12"]}]},{"@type":"ImageObject","inLanguage":"fr-FR","@id":"https:\/\/lesnouveauxmythes.sisternet.fr\/?page_id=12#primaryimage","url":"https:\/\/lesnouveauxmythes.sisternet.fr\/wp-content\/uploads\/2016\/11\/ces_mythes_qui_nous_gouvernent.jpg","contentUrl":"https:\/\/lesnouveauxmythes.sisternet.fr\/wp-content\/uploads\/2016\/11\/ces_mythes_qui_nous_gouvernent.jpg","width":640,"height":360,"caption":"Ces mythes qui nous gouvernent. Installation de Christine Bouvier-M\u00fch. Expo \"Les nouveaux mythes\" 2016, ancien Mus\u00e9e de Peinture, Grenoble."},{"@type":"BreadcrumbList","@id":"https:\/\/lesnouveauxmythes.sisternet.fr\/?page_id=12#breadcrumb","itemListElement":[{"@type":"ListItem","position":1,"name":"Accueil","item":"https:\/\/lesnouveauxmythes.sisternet.fr\/"},{"@type":"ListItem","position":2,"name":"PRESSE"}]},{"@type":"WebSite","@id":"https:\/\/lesnouveauxmythes.sisternet.fr\/#website","url":"https:\/\/lesnouveauxmythes.sisternet.fr\/","name":"Les nouveaux mythes","description":"Exposition impertinente","publisher":{"@id":"https:\/\/lesnouveauxmythes.sisternet.fr\/#organization"},"potentialAction":[{"@type":"SearchAction","target":{"@type":"EntryPoint","urlTemplate":"https:\/\/lesnouveauxmythes.sisternet.fr\/?s={search_term_string}"},"query-input":{"@type":"PropertyValueSpecification","valueRequired":true,"valueName":"search_term_string"}}],"inLanguage":"fr-FR"},{"@type":"Organization","@id":"https:\/\/lesnouveauxmythes.sisternet.fr\/#organization","name":"Les nouveaux mythes","url":"https:\/\/lesnouveauxmythes.sisternet.fr\/","logo":{"@type":"ImageObject","inLanguage":"fr-FR","@id":"https:\/\/lesnouveauxmythes.sisternet.fr\/#\/schema\/logo\/image\/","url":"https:\/\/lesnouveauxmythes.sisternet.fr\/wp-content\/uploads\/2026\/03\/logo-lesnouveauxmythes-954x1300px-1.png","contentUrl":"https:\/\/lesnouveauxmythes.sisternet.fr\/wp-content\/uploads\/2026\/03\/logo-lesnouveauxmythes-954x1300px-1.png","width":248,"height":248,"caption":"Les nouveaux mythes"},"image":{"@id":"https:\/\/lesnouveauxmythes.sisternet.fr\/#\/schema\/logo\/image\/"},"sameAs":["https:\/\/www.facebook.com\/lesnouveauxmythes\/"]}]}},"_links":{"self":[{"href":"https:\/\/lesnouveauxmythes.sisternet.fr\/index.php?rest_route=\/wp\/v2\/pages\/12","targetHints":{"allow":["GET"]}}],"collection":[{"href":"https:\/\/lesnouveauxmythes.sisternet.fr\/index.php?rest_route=\/wp\/v2\/pages"}],"about":[{"href":"https:\/\/lesnouveauxmythes.sisternet.fr\/index.php?rest_route=\/wp\/v2\/types\/page"}],"author":[{"embeddable":true,"href":"https:\/\/lesnouveauxmythes.sisternet.fr\/index.php?rest_route=\/wp\/v2\/users\/4"}],"replies":[{"embeddable":true,"href":"https:\/\/lesnouveauxmythes.sisternet.fr\/index.php?rest_route=%2Fwp%2Fv2%2Fcomments&post=12"}],"version-history":[{"count":27,"href":"https:\/\/lesnouveauxmythes.sisternet.fr\/index.php?rest_route=\/wp\/v2\/pages\/12\/revisions"}],"predecessor-version":[{"id":500,"href":"https:\/\/lesnouveauxmythes.sisternet.fr\/index.php?rest_route=\/wp\/v2\/pages\/12\/revisions\/500"}],"wp:attachment":[{"href":"https:\/\/lesnouveauxmythes.sisternet.fr\/index.php?rest_route=%2Fwp%2Fv2%2Fmedia&parent=12"}],"curies":[{"name":"wp","href":"https:\/\/api.w.org\/{rel}","templated":true}]}}